{"id":1202,"date":"2025-02-10T17:58:02","date_gmt":"2025-02-10T17:58:02","guid":{"rendered":"https:\/\/erpbilans.com\/?page_id=1202"},"modified":"2025-02-10T21:36:34","modified_gmt":"2025-02-10T21:36:34","slug":"erp-bilansempresas","status":"publish","type":"page","link":"https:\/\/erpbilans.com\/?page_id=1202","title":{"rendered":"Blog"},"content":{"rendered":"\t\t<div data-elementor-type=\"wp-page\" data-elementor-id=\"1202\" class=\"elementor elementor-1202\" data-elementor-post-type=\"page\">\n\t\t\t\t<div class=\"elementor-element elementor-element-db1ac72 e-con-full e-flex e-con e-parent\" data-id=\"db1ac72\" data-element_type=\"container\">\n\t\t\t\t<div class=\"elementor-element elementor-element-04e98a6 elementor-headline--style-highlight elementor-widget elementor-widget-animated-headline\" data-id=\"04e98a6\" data-element_type=\"widget\" data-settings=\"{&quot;highlighted_text&quot;:&quot;ERP Insights&quot;,&quot;headline_style&quot;:&quot;highlight&quot;,&quot;marker&quot;:&quot;circle&quot;,&quot;loop&quot;:&quot;yes&quot;,&quot;highlight_animation_duration&quot;:1200,&quot;highlight_iteration_delay&quot;:8000}\" data-widget_type=\"animated-headline.default\">\n\t\t\t\t<div class=\"elementor-widget-container\">\n\t\t\t\t\t\t\t<h3 class=\"elementor-headline\">\n\t\t\t\t<span class=\"elementor-headline-dynamic-wrapper elementor-headline-text-wrapper\">\n\t\t\t\t\t<span class=\"elementor-headline-dynamic-text elementor-headline-text-active\">ERP Insights<\/span>\n\t\t\t\t<\/span>\n\t\t\t\t\t<span class=\"elementor-headline-plain-text elementor-headline-text-wrapper\">todo sobre gesti\u00f3n empresarial, automatizaci\u00f3n y tecnolog\u00eda<\/span>\n\t\t\t\t\t<\/h3>\n\t\t\t\t\t\t<\/div>\n\t\t\t\t<\/div>\n\t\t\t\t<\/div>\n\t\t<div class=\"elementor-element elementor-element-9025841 e-flex e-con-boxed e-con e-parent\" data-id=\"9025841\" data-element_type=\"container\">\n\t\t\t\t\t<div class=\"e-con-inner\">\n\t\t\t\t<div class=\"elementor-element elementor-element-0ed83e3 elementor-posts--align-center elementor-grid-3 elementor-grid-tablet-2 elementor-grid-mobile-1 elementor-posts--thumbnail-top elementor-card-shadow-yes elementor-posts__hover-gradient elementor-widget elementor-widget-posts\" data-id=\"0ed83e3\" data-element_type=\"widget\" data-settings=\"{&quot;pagination_type&quot;:&quot;load_more_infinite_scroll&quot;,&quot;cards_columns&quot;:&quot;3&quot;,&quot;cards_columns_tablet&quot;:&quot;2&quot;,&quot;cards_columns_mobile&quot;:&quot;1&quot;,&quot;cards_row_gap&quot;:{&quot;unit&quot;:&quot;px&quot;,&quot;size&quot;:35,&quot;sizes&quot;:[]},&quot;cards_row_gap_tablet&quot;:{&quot;unit&quot;:&quot;px&quot;,&quot;size&quot;:&quot;&quot;,&quot;sizes&quot;:[]},&quot;cards_row_gap_mobile&quot;:{&quot;unit&quot;:&quot;px&quot;,&quot;size&quot;:&quot;&quot;,&quot;sizes&quot;:[]},&quot;load_more_spinner&quot;:{&quot;value&quot;:&quot;fas fa-spinner&quot;,&quot;library&quot;:&quot;fa-solid&quot;}}\" data-widget_type=\"posts.cards\">\n\t\t\t\t<div class=\"elementor-widget-container\">\n\t\t\t\t\t\t\t<div class=\"elementor-posts-container elementor-posts elementor-posts--skin-cards elementor-grid\">\n\t\t\t\t<article class=\"elementor-post elementor-grid-item post-1294 post type-post status-publish format-standard has-post-thumbnail hentry category-sin-categoria\">\n\t\t\t<div class=\"elementor-post__card\">\n\t\t\t\t<a class=\"elementor-post__thumbnail__link\" href=\"https:\/\/erpbilans.com\/?p=1294\" tabindex=\"-1\" target=\"_blank\"><div class=\"elementor-post__thumbnail\"><img fetchpriority=\"high\" decoding=\"async\" width=\"300\" height=\"200\" src=\"https:\/\/erpbilans.com\/wp-content\/uploads\/2025\/05\/1-300x200.jpg\" class=\"attachment-medium size-medium wp-image-1295\" alt=\"\" srcset=\"https:\/\/erpbilans.com\/wp-content\/uploads\/2025\/05\/1-300x200.jpg 300w, https:\/\/erpbilans.com\/wp-content\/uploads\/2025\/05\/1-768x512.jpg 768w, https:\/\/erpbilans.com\/wp-content\/uploads\/2025\/05\/1.jpg 800w\" sizes=\"(max-width: 300px) 100vw, 300px\" \/><\/div><\/a>\n\t\t\t\t<div class=\"elementor-post__text\">\n\t\t\t\t<h3 class=\"elementor-post__title\">\n\t\t\t<a href=\"https:\/\/erpbilans.com\/?p=1294\" target=&quot;_blank&quot;>\n\t\t\t\tEl Auditor Fiscal y su Dictamen: Pilar del Cumplimiento Tributario en El Salvador\t\t\t<\/a>\n\t\t<\/h3>\n\t\t\t\t<\/div>\n\t\t\t\t\t<\/div>\n\t\t<\/article>\n\t\t\t\t<article class=\"elementor-post elementor-grid-item post-1286 post type-post status-publish format-standard has-post-thumbnail hentry category-sin-categoria\">\n\t\t\t<div class=\"elementor-post__card\">\n\t\t\t\t<a class=\"elementor-post__thumbnail__link\" href=\"https:\/\/erpbilans.com\/?p=1286\" tabindex=\"-1\" target=\"_blank\"><div class=\"elementor-post__thumbnail\"><img decoding=\"async\" width=\"300\" height=\"300\" src=\"https:\/\/erpbilans.com\/wp-content\/uploads\/2025\/03\/Bilans-ERP-300x300.webp\" class=\"attachment-medium size-medium wp-image-1287\" alt=\"\" srcset=\"https:\/\/erpbilans.com\/wp-content\/uploads\/2025\/03\/Bilans-ERP-300x300.webp 300w, https:\/\/erpbilans.com\/wp-content\/uploads\/2025\/03\/Bilans-ERP-150x150.webp 150w, https:\/\/erpbilans.com\/wp-content\/uploads\/2025\/03\/Bilans-ERP-768x768.webp 768w, https:\/\/erpbilans.com\/wp-content\/uploads\/2025\/03\/Bilans-ERP.webp 1024w\" sizes=\"(max-width: 300px) 100vw, 300px\" \/><\/div><\/a>\n\t\t\t\t<div class=\"elementor-post__text\">\n\t\t\t\t<h3 class=\"elementor-post__title\">\n\t\t\t<a href=\"https:\/\/erpbilans.com\/?p=1286\" target=&quot;_blank&quot;>\n\t\t\t\tFacturaci\u00f3n electr\u00f3nica en El Salvador: c\u00f3mo BILANS ERP facilita el proceso para peque\u00f1as y grandes empresas\t\t\t<\/a>\n\t\t<\/h3>\n\t\t\t\t<\/div>\n\t\t\t\t\t<\/div>\n\t\t<\/article>\n\t\t\t\t<article class=\"elementor-post elementor-grid-item post-1280 post type-post status-publish format-standard has-post-thumbnail hentry category-sin-categoria\">\n\t\t\t<div class=\"elementor-post__card\">\n\t\t\t\t<a class=\"elementor-post__thumbnail__link\" href=\"https:\/\/erpbilans.com\/?p=1280\" tabindex=\"-1\" target=\"_blank\"><div class=\"elementor-post__thumbnail\"><img decoding=\"async\" width=\"300\" height=\"136\" src=\"https:\/\/erpbilans.com\/wp-content\/uploads\/2025\/03\/Bilans-ERP-300x136.png\" class=\"attachment-medium size-medium wp-image-1281\" alt=\"\" srcset=\"https:\/\/erpbilans.com\/wp-content\/uploads\/2025\/03\/Bilans-ERP-300x136.png 300w, https:\/\/erpbilans.com\/wp-content\/uploads\/2025\/03\/Bilans-ERP-1024x465.png 1024w, https:\/\/erpbilans.com\/wp-content\/uploads\/2025\/03\/Bilans-ERP-768x348.png 768w, https:\/\/erpbilans.com\/wp-content\/uploads\/2025\/03\/Bilans-ERP-1536x697.png 1536w, https:\/\/erpbilans.com\/wp-content\/uploads\/2025\/03\/Bilans-ERP.png 1909w\" sizes=\"(max-width: 300px) 100vw, 300px\" \/><\/div><\/a>\n\t\t\t\t<div class=\"elementor-post__text\">\n\t\t\t\t<h3 class=\"elementor-post__title\">\n\t\t\t<a href=\"https:\/\/erpbilans.com\/?p=1280\" target=&quot;_blank&quot;>\n\t\t\t\tSistema BILANS ERP: Automatiza tu Negocio con Soluciones a la Medida\t\t\t<\/a>\n\t\t<\/h3>\n\t\t\t\t<\/div>\n\t\t\t\t\t<\/div>\n\t\t<\/article>\n\t\t\t\t<article class=\"elementor-post elementor-grid-item post-1273 post type-post status-publish format-standard has-post-thumbnail hentry category-sin-categoria\">\n\t\t\t<div class=\"elementor-post__card\">\n\t\t\t\t<a class=\"elementor-post__thumbnail__link\" href=\"https:\/\/erpbilans.com\/?p=1273\" tabindex=\"-1\" target=\"_blank\"><div class=\"elementor-post__thumbnail\"><img loading=\"lazy\" decoding=\"async\" width=\"300\" height=\"200\" src=\"https:\/\/erpbilans.com\/wp-content\/uploads\/2025\/02\/2-2-300x200.jpg\" class=\"attachment-medium size-medium wp-image-1277\" alt=\"\" srcset=\"https:\/\/erpbilans.com\/wp-content\/uploads\/2025\/02\/2-2-300x200.jpg 300w, https:\/\/erpbilans.com\/wp-content\/uploads\/2025\/02\/2-2-768x512.jpg 768w, https:\/\/erpbilans.com\/wp-content\/uploads\/2025\/02\/2-2.jpg 800w\" sizes=\"(max-width: 300px) 100vw, 300px\" \/><\/div><\/a>\n\t\t\t\t<div class=\"elementor-post__text\">\n\t\t\t\t<h3 class=\"elementor-post__title\">\n\t\t\t<a href=\"https:\/\/erpbilans.com\/?p=1273\" target=&quot;_blank&quot;>\n\t\t\t\t\ud83d\udcc8 C\u00f3mo Un Software Contable Transforma la Gesti\u00f3n Financiera de tu Empresa \ud83d\ude80\t\t\t<\/a>\n\t\t<\/h3>\n\t\t\t\t<\/div>\n\t\t\t\t\t<\/div>\n\t\t<\/article>\n\t\t\t\t<article class=\"elementor-post elementor-grid-item post-1232 post type-post status-publish format-standard has-post-thumbnail hentry category-sin-categoria\">\n\t\t\t<div class=\"elementor-post__card\">\n\t\t\t\t<a class=\"elementor-post__thumbnail__link\" href=\"https:\/\/erpbilans.com\/?p=1232\" tabindex=\"-1\" target=\"_blank\"><div class=\"elementor-post__thumbnail\"><img loading=\"lazy\" decoding=\"async\" width=\"300\" height=\"200\" src=\"https:\/\/erpbilans.com\/wp-content\/uploads\/2025\/02\/3-2-300x200.jpg\" class=\"attachment-medium size-medium wp-image-1237\" alt=\"\" srcset=\"https:\/\/erpbilans.com\/wp-content\/uploads\/2025\/02\/3-2-300x200.jpg 300w, https:\/\/erpbilans.com\/wp-content\/uploads\/2025\/02\/3-2-768x512.jpg 768w, https:\/\/erpbilans.com\/wp-content\/uploads\/2025\/02\/3-2.jpg 800w\" sizes=\"(max-width: 300px) 100vw, 300px\" \/><\/div><\/a>\n\t\t\t\t<div class=\"elementor-post__text\">\n\t\t\t\t<h3 class=\"elementor-post__title\">\n\t\t\t<a href=\"https:\/\/erpbilans.com\/?p=1232\" target=&quot;_blank&quot;>\n\t\t\t\t\ud83d\udcca 5 Se\u00f1ales de que tu Empresa Necesita un Software Contable \ud83d\ude80\t\t\t<\/a>\n\t\t<\/h3>\n\t\t\t\t<\/div>\n\t\t\t\t\t<\/div>\n\t\t<\/article>\n\t\t\t\t<\/div>\n\t\t\t\t\t<span class=\"e-load-more-spinner\">\n\t\t\t\t<svg aria-hidden=\"true\" class=\"e-font-icon-svg e-fas-spinner\" viewBox=\"0 0 512 512\" xmlns=\"http:\/\/www.w3.org\/2000\/svg\"><path d=\"M304 48c0 26.51-21.49 48-48 48s-48-21.49-48-48 21.49-48 48-48 48 21.49 48 48zm-48 368c-26.51 0-48 21.49-48 48s21.49 48 48 48 48-21.49 48-48-21.49-48-48-48zm208-208c-26.51 0-48 21.49-48 48s21.49 48 48 48 48-21.49 48-48-21.49-48-48-48zM96 256c0-26.51-21.49-48-48-48S0 229.49 0 256s21.49 48 48 48 48-21.49 48-48zm12.922 99.078c-26.51 0-48 21.49-48 48s21.49 48 48 48 48-21.49 48-48c0-26.509-21.491-48-48-48zm294.156 0c-26.51 0-48 21.49-48 48s21.49 48 48 48 48-21.49 48-48c0-26.509-21.49-48-48-48zM108.922 60.922c-26.51 0-48 21.49-48 48s21.49 48 48 48 48-21.49 48-48-21.491-48-48-48z\"><\/path><\/svg>\t\t\t<\/span>\n\t\t\n\t\t\t\t\t\t<\/div>\n\t\t\t\t<\/div>\n\t\t\t\t\t<\/div>\n\t\t\t\t<\/div>\n\t\t\t\t<\/div>\n\t\t","protected":false},"excerpt":{"rendered":"<p>ERP Insights todo sobre gesti\u00f3n empresarial, automatizaci\u00f3n y tecnolog\u00eda<\/p>\n","protected":false},"author":2,"featured_media":0,"parent":0,"menu_order":0,"comment_status":"closed","ping_status":"closed","template":"","meta":{"site-sidebar-layout":"no-sidebar","site-content-layout":"","ast-site-content-layout":"full-width-container","site-content-style":"default","site-sidebar-style":"default","ast-global-header-display":"","ast-banner-title-visibility":"","ast-main-header-display":"","ast-hfb-above-header-display":"","ast-hfb-below-header-display":"","ast-hfb-mobile-header-display":"","site-post-title":"disabled","ast-breadcrumbs-content":"","ast-featured-img":"disabled","footer-sml-layout":"","theme-transparent-header-meta":"","adv-header-id-meta":"","stick-header-meta":"","header-above-stick-meta":"","header-main-stick-meta":"","header-below-stick-meta":"","astra-migrate-meta-layouts":"default","ast-page-background-enabled":"default","ast-page-background-meta":{"desktop":{"background-color":"var(--ast-global-color-5)","background-image":"","background-repeat":"repeat","background-position":"center center","background-size":"auto","background-attachment":"scroll","background-type":"","background-media":"","overlay-type":"","overlay-color":"","overlay-opacity":"","overlay-gradient":""},"tablet":{"background-color":"","background-image":"","background-repeat":"repeat","background-position":"center center","background-size":"auto","background-attachment":"scroll","background-type":"","background-media":"","overlay-type":"","overlay-color":"","overlay-opacity":"","overlay-gradient":""},"mobile":{"background-color":"","background-image":"","background-repeat":"repeat","background-position":"center center","background-size":"auto","background-attachment":"scroll","background-type":"","background-media":"","overlay-type":"","overlay-color":"","overlay-opacity":"","overlay-gradient":""}},"ast-content-background-meta":{"desktop":{"background-color":"var(--ast-global-color-4)","background-image":"","background-repeat":"repeat","background-position":"center center","background-size":"auto","background-attachment":"scroll","background-type":"","background-media":"","overlay-type":"","overlay-color":"","overlay-opacity":"","overlay-gradient":""},"tablet":{"background-color":"var(--ast-global-color-4)","background-image":"","background-repeat":"repeat","background-position":"center center","background-size":"auto","background-attachment":"scroll","background-type":"","background-media":"","overlay-type":"","overlay-color":"","overlay-opacity":"","overlay-gradient":""},"mobile":{"background-color":"var(--ast-global-color-4)","background-image":"","background-repeat":"repeat","background-position":"center center","background-size":"auto","background-attachment":"scroll","background-type":"","background-media":"","overlay-type":"","overlay-color":"","overlay-opacity":"","overlay-gradient":""}},"footnotes":""},"class_list":["post-1202","page","type-page","status-publish","hentry"],"yoast_head":"<!-- This site is optimized with the Yoast SEO plugin v24.2 - https:\/\/yoast.com\/wordpress\/plugins\/seo\/ -->\n<title>Optimiza tu negocio con los mejores consejos y estrategias<\/title>\n<meta name=\"description\" content=\"Noticias, tendencias y consejos sobre ERP y transformaci\u00f3n digital. Descubre c\u00f3mo potenciar tu empresa con las mejores soluciones tecnol\u00f3gicas\" \/>\n<meta name=\"robots\" content=\"index, follow, max-snippet:-1, max-image-preview:large, max-video-preview:-1\" \/>\n<link rel=\"canonical\" href=\"https:\/\/erpbilans.com\/?page_id=1202\" \/>\n<meta property=\"og:locale\" content=\"es_MX\" \/>\n<meta property=\"og:type\" content=\"article\" \/>\n<meta property=\"og:title\" content=\"Optimiza tu negocio con los mejores consejos y estrategias\" \/>\n<meta property=\"og:description\" content=\"Noticias, tendencias y consejos sobre ERP y transformaci\u00f3n digital. Descubre c\u00f3mo potenciar tu empresa con las mejores soluciones tecnol\u00f3gicas\" \/>\n<meta property=\"og:url\" content=\"https:\/\/erpbilans.com\/?page_id=1202\" \/>\n<meta property=\"og:site_name\" content=\"Bilans ERP\" \/>\n<meta property=\"article:modified_time\" content=\"2025-02-10T21:36:34+00:00\" \/>\n<meta name=\"twitter:card\" content=\"summary_large_image\" \/>\n<meta name=\"twitter:label1\" content=\"Tiempo de lectura\" \/>\n\t<meta name=\"twitter:data1\" content=\"1 minuto\" \/>\n<script type=\"application\/ld+json\" class=\"yoast-schema-graph\">{\"@context\":\"https:\/\/schema.org\",\"@graph\":[{\"@type\":\"WebPage\",\"@id\":\"https:\/\/erpbilans.com\/?page_id=1202\",\"url\":\"https:\/\/erpbilans.com\/?page_id=1202\",\"name\":\"Optimiza tu negocio con los mejores consejos y estrategias\",\"isPartOf\":{\"@id\":\"https:\/\/erpbilans.com\/#website\"},\"datePublished\":\"2025-02-10T17:58:02+00:00\",\"dateModified\":\"2025-02-10T21:36:34+00:00\",\"description\":\"Noticias, tendencias y consejos sobre ERP y transformaci\u00f3n digital. Descubre c\u00f3mo potenciar tu empresa con las mejores soluciones tecnol\u00f3gicas\",\"breadcrumb\":{\"@id\":\"https:\/\/erpbilans.com\/?page_id=1202#breadcrumb\"},\"inLanguage\":\"es\",\"potentialAction\":[{\"@type\":\"ReadAction\",\"target\":[\"https:\/\/erpbilans.com\/?page_id=1202\"]}]},{\"@type\":\"BreadcrumbList\",\"@id\":\"https:\/\/erpbilans.com\/?page_id=1202#breadcrumb\",\"itemListElement\":[{\"@type\":\"ListItem\",\"position\":1,\"name\":\"Inicio\",\"item\":\"https:\/\/erpbilans.com\/\"},{\"@type\":\"ListItem\",\"position\":2,\"name\":\"Blog\"}]},{\"@type\":\"WebSite\",\"@id\":\"https:\/\/erpbilans.com\/#website\",\"url\":\"https:\/\/erpbilans.com\/\",\"name\":\"Bilans ERP\",\"description\":\"\",\"publisher\":{\"@id\":\"https:\/\/erpbilans.com\/#organization\"},\"potentialAction\":[{\"@type\":\"SearchAction\",\"target\":{\"@type\":\"EntryPoint\",\"urlTemplate\":\"https:\/\/erpbilans.com\/?s={search_term_string}\"},\"query-input\":{\"@type\":\"PropertyValueSpecification\",\"valueRequired\":true,\"valueName\":\"search_term_string\"}}],\"inLanguage\":\"es\"},{\"@type\":\"Organization\",\"@id\":\"https:\/\/erpbilans.com\/#organization\",\"name\":\"Bilans ERP\",\"url\":\"https:\/\/erpbilans.com\/\",\"logo\":{\"@type\":\"ImageObject\",\"inLanguage\":\"es\",\"@id\":\"https:\/\/erpbilans.com\/#\/schema\/logo\/image\/\",\"url\":\"https:\/\/erpbilans.com\/wp-content\/uploads\/2025\/01\/Logo-bilans.png\",\"contentUrl\":\"https:\/\/erpbilans.com\/wp-content\/uploads\/2025\/01\/Logo-bilans.png\",\"width\":802,\"height\":232,\"caption\":\"Bilans ERP\"},\"image\":{\"@id\":\"https:\/\/erpbilans.com\/#\/schema\/logo\/image\/\"}}]}<\/script>\n<!-- \/ Yoast SEO plugin. -->","yoast_head_json":{"title":"Optimiza tu negocio con los mejores consejos y estrategias","description":"Noticias, tendencias y consejos sobre ERP y transformaci\u00f3n digital. Descubre c\u00f3mo potenciar tu empresa con las mejores soluciones tecnol\u00f3gicas","robots":{"index":"index","follow":"follow","max-snippet":"max-snippet:-1","max-image-preview":"max-image-preview:large","max-video-preview":"max-video-preview:-1"},"canonical":"https:\/\/erpbilans.com\/?page_id=1202","og_locale":"es_MX","og_type":"article","og_title":"Optimiza tu negocio con los mejores consejos y estrategias","og_description":"Noticias, tendencias y consejos sobre ERP y transformaci\u00f3n digital. Descubre c\u00f3mo potenciar tu empresa con las mejores soluciones tecnol\u00f3gicas","og_url":"https:\/\/erpbilans.com\/?page_id=1202","og_site_name":"Bilans ERP","article_modified_time":"2025-02-10T21:36:34+00:00","twitter_card":"summary_large_image","twitter_misc":{"Tiempo de lectura":"1 minuto"},"schema":{"@context":"https:\/\/schema.org","@graph":[{"@type":"WebPage","@id":"https:\/\/erpbilans.com\/?page_id=1202","url":"https:\/\/erpbilans.com\/?page_id=1202","name":"Optimiza tu negocio con los mejores consejos y estrategias","isPartOf":{"@id":"https:\/\/erpbilans.com\/#website"},"datePublished":"2025-02-10T17:58:02+00:00","dateModified":"2025-02-10T21:36:34+00:00","description":"Noticias, tendencias y consejos sobre ERP y transformaci\u00f3n digital. Descubre c\u00f3mo potenciar tu empresa con las mejores soluciones tecnol\u00f3gicas","breadcrumb":{"@id":"https:\/\/erpbilans.com\/?page_id=1202#breadcrumb"},"inLanguage":"es","potentialAction":[{"@type":"ReadAction","target":["https:\/\/erpbilans.com\/?page_id=1202"]}]},{"@type":"BreadcrumbList","@id":"https:\/\/erpbilans.com\/?page_id=1202#breadcrumb","itemListElement":[{"@type":"ListItem","position":1,"name":"Inicio","item":"https:\/\/erpbilans.com\/"},{"@type":"ListItem","position":2,"name":"Blog"}]},{"@type":"WebSite","@id":"https:\/\/erpbilans.com\/#website","url":"https:\/\/erpbilans.com\/","name":"Bilans ERP","description":"","publisher":{"@id":"https:\/\/erpbilans.com\/#organization"},"potentialAction":[{"@type":"SearchAction","target":{"@type":"EntryPoint","urlTemplate":"https:\/\/erpbilans.com\/?s={search_term_string}"},"query-input":{"@type":"PropertyValueSpecification","valueRequired":true,"valueName":"search_term_string"}}],"inLanguage":"es"},{"@type":"Organization","@id":"https:\/\/erpbilans.com\/#organization","name":"Bilans ERP","url":"https:\/\/erpbilans.com\/","logo":{"@type":"ImageObject","inLanguage":"es","@id":"https:\/\/erpbilans.com\/#\/schema\/logo\/image\/","url":"https:\/\/erpbilans.com\/wp-content\/uploads\/2025\/01\/Logo-bilans.png","contentUrl":"https:\/\/erpbilans.com\/wp-content\/uploads\/2025\/01\/Logo-bilans.png","width":802,"height":232,"caption":"Bilans ERP"},"image":{"@id":"https:\/\/erpbilans.com\/#\/schema\/logo\/image\/"}}]}},"_links":{"self":[{"href":"https:\/\/erpbilans.com\/index.php?rest_route=\/wp\/v2\/pages\/1202","targetHints":{"allow":["GET"]}}],"collection":[{"href":"https:\/\/erpbilans.com\/index.php?rest_route=\/wp\/v2\/pages"}],"about":[{"href":"https:\/\/erpbilans.com\/index.php?rest_route=\/wp\/v2\/types\/page"}],"author":[{"embeddable":true,"href":"https:\/\/erpbilans.com\/index.php?rest_route=\/wp\/v2\/users\/2"}],"replies":[{"embeddable":true,"href":"https:\/\/erpbilans.com\/index.php?rest_route=%2Fwp%2Fv2%2Fcomments&post=1202"}],"version-history":[{"count":46,"href":"https:\/\/erpbilans.com\/index.php?rest_route=\/wp\/v2\/pages\/1202\/revisions"}],"predecessor-version":[{"id":1262,"href":"https:\/\/erpbilans.com\/index.php?rest_route=\/wp\/v2\/pages\/1202\/revisions\/1262"}],"wp:attachment":[{"href":"https:\/\/erpbilans.com\/index.php?rest_route=%2Fwp%2Fv2%2Fmedia&parent=1202"}],"curies":[{"name":"wp","href":"https:\/\/api.w.org\/{rel}","templated":true}]}}